{"id":7,"date":"2023-10-24T10:24:42","date_gmt":"2023-10-24T08:24:42","guid":{"rendered":"https:\/\/stephaneduchesne.fr\/?page_id=7"},"modified":"2023-12-30T15:37:50","modified_gmt":"2023-12-30T14:37:50","slug":"espace-clients","status":"publish","type":"page","link":"https:\/\/stephaneduchesne.fr\/?page_id=7","title":{"rendered":"Espace Clients"},"content":{"rendered":"\n<p>Bienvenue dans l&rsquo;espace clients.<br>Vous pouvez acc\u00e9der \u00e0 votre galerie avec les codes que je vous ai donn\u00e9es ou que les Mari\u00e9es vous ont communiqu\u00e9s \ud83d\ude09<\/p>\n\n\n\n<!--Lumys-->\n<div id=\"lumys-widget\"><\/div>\n<!--Lumys-->\n<script type=\"text\/javascript\">\n    var lumysUrl = \"https:\/\/app.lumys.photo\";\n    var lumysApiKey = \"vss3bdsfn4lmarab\";\n    \/\/ var lumysCategory = \"votre cat\u00e9gorie\";\n    !function (d, s, w) {\n        if (d.getElementById(w)) return;\n        var g = d.createElement(s), e = d.getElementsByTagName(s)[0]; g.id = w;\n        g.src = lumysUrl + \"\/widget\/lumys-widget-v1.js\";\n        e.parentNode.insertBefore(g, e);\n    }(document, 'script', 'lumys-widget-loader');\n<\/script>\n<!--fin Lumys-->\n","protected":false},"excerpt":{"rendered":"<p>Bienvenue dans l&rsquo;espace clients.Vous pouvez acc\u00e9der \u00e0 votre galerie avec les codes que je vous ai donn\u00e9es ou que les Mari\u00e9es vous ont communiqu\u00e9s \ud83d\ude09<\/p>\n","protected":false},"author":1,"featured_media":0,"parent":0,"menu_order":0,"comment_status":"closed","ping_status":"closed","template":"","meta":{"footnotes":""},"class_list":["post-7","page","type-page","status-publish","hentry","latest_post"],"_links":{"self":[{"href":"https:\/\/stephaneduchesne.fr\/index.php?rest_route=\/wp\/v2\/pages\/7","targetHints":{"allow":["GET"]}}],"collection":[{"href":"https:\/\/stephaneduchesne.fr\/index.php?rest_route=\/wp\/v2\/pages"}],"about":[{"href":"https:\/\/stephaneduchesne.fr\/index.php?rest_route=\/wp\/v2\/types\/page"}],"author":[{"embeddable":true,"href":"https:\/\/stephaneduchesne.fr\/index.php?rest_route=\/wp\/v2\/users\/1"}],"replies":[{"embeddable":true,"href":"https:\/\/stephaneduchesne.fr\/index.php?rest_route=%2Fwp%2Fv2%2Fcomments&post=7"}],"version-history":[{"count":7,"href":"https:\/\/stephaneduchesne.fr\/index.php?rest_route=\/wp\/v2\/pages\/7\/revisions"}],"predecessor-version":[{"id":409,"href":"https:\/\/stephaneduchesne.fr\/index.php?rest_route=\/wp\/v2\/pages\/7\/revisions\/409"}],"wp:attachment":[{"href":"https:\/\/stephaneduchesne.fr\/index.php?rest_route=%2Fwp%2Fv2%2Fmedia&parent=7"}],"curies":[{"name":"wp","href":"https:\/\/api.w.org\/{rel}","templated":true}]}}